{"id":6980,"date":"2025-01-09T13:09:04","date_gmt":"2025-01-09T12:09:04","guid":{"rendered":"https:\/\/www.realpix.fr\/lac\/?page_id=6980"},"modified":"2025-03-11T19:54:50","modified_gmt":"2025-03-11T18:54:50","slug":"contact-braintrust","status":"publish","type":"page","link":"https:\/\/www.realpix.fr\/lac\/braintrust\/contact-braintrust\/","title":{"rendered":"Contact"},"content":{"rendered":"\t\t<div data-elementor-type=\"wp-page\" data-elementor-id=\"6980\" class=\"elementor elementor-6980\" data-elementor-post-type=\"page\">\n\t\t\t\t<div class=\"elementor-element elementor-element-233df5e e-flex e-con-boxed e-con e-parent\" data-id=\"233df5e\" data-element_type=\"container\" data-settings=\"{&quot;background_background&quot;:&quot;classic&quot;}\">\n\t\t\t\t\t<div class=\"e-con-inner\">\n\t\t<div class=\"elementor-element elementor-element-967aa3c e-con-full e-flex e-con e-child\" data-id=\"967aa3c\" data-element_type=\"container\" data-settings=\"{&quot;background_background&quot;:&quot;classic&quot;}\">\n\t\t\t\t<div class=\"elementor-element elementor-element-d9c8131 h1brain elementor-widget__width-initial elementor-widget elementor-widget-heading\" data-id=\"d9c8131\" data-element_type=\"widget\" data-settings=\"{&quot;motion_fx_motion_fx_scrolling&quot;:&quot;yes&quot;,&quot;motion_fx_translateY_effect&quot;:&quot;yes&quot;,&quot;motion_fx_translateY_speed&quot;:{&quot;unit&quot;:&quot;px&quot;,&quot;size&quot;:2.1,&quot;sizes&quot;:[]},&quot;motion_fx_translateY_affectedRange&quot;:{&quot;unit&quot;:&quot;%&quot;,&quot;size&quot;:&quot;&quot;,&quot;sizes&quot;:{&quot;start&quot;:27,&quot;end&quot;:77}},&quot;motion_fx_devices&quot;:[&quot;desktop&quot;,&quot;tablet&quot;,&quot;mobile&quot;]}\" data-widget_type=\"heading.default\">\n\t\t\t\t<div class=\"elementor-widget-container\">\n\t\t\t\t\t<h1 class=\"elementor-heading-title elementor-size-default\"><h1 class=\"cartouche\">Contactez-nous<\/h1> <\/h1>\t\t\t\t<\/div>\n\t\t\t\t<\/div>\n\t\t\t\t<div class=\"elementor-element elementor-element-c8a4877 elementor-invisible elementor-widget elementor-widget-heading\" data-id=\"c8a4877\" data-element_type=\"widget\" data-settings=\"{&quot;_animation&quot;:&quot;fadeInUp&quot;,&quot;_animation_delay&quot;:150}\" data-widget_type=\"heading.default\">\n\t\t\t\t<div class=\"elementor-widget-container\">\n\t\t\t\t\t<h2 class=\"elementor-heading-title elementor-size-default\">Des solutions sur-mesure,\ncr\u00e9atives et flexibles !<\/h2>\t\t\t\t<\/div>\n\t\t\t\t<\/div>\n\t\t<div class=\"elementor-element elementor-element-960dfb9 e-con-full e-flex e-con e-child\" data-id=\"960dfb9\" data-element_type=\"container\">\n\t\t\t\t<div class=\"elementor-element elementor-element-c47c628 elementor-widget elementor-widget-button\" data-id=\"c47c628\" data-element_type=\"widget\" data-widget_type=\"button.default\">\n\t\t\t\t<div class=\"elementor-widget-container\">\n\t\t\t\t\t\t\t\t\t<div class=\"elementor-button-wrapper\">\n\t\t\t\t\t<a class=\"elementor-button elementor-button-link elementor-size-sm\" href=\"https:\/\/www.realpix.fr\/lac\/wp-content\/uploads\/2024\/12\/BrochureBrainTrust2024.pdf\" target=\"_blank\">\n\t\t\t\t\t\t<span class=\"elementor-button-content-wrapper\">\n\t\t\t\t\t\t<span class=\"elementor-button-icon\">\n\t\t\t\t<svg aria-hidden=\"true\" class=\"e-font-icon-svg e-fas-file-download\" viewBox=\"0 0 384 512\" xmlns=\"http:\/\/www.w3.org\/2000\/svg\"><path d=\"M224 136V0H24C10.7 0 0 10.7 0 24v464c0 13.3 10.7 24 24 24h336c13.3 0 24-10.7 24-24V160H248c-13.2 0-24-10.8-24-24zm76.45 211.36l-96.42 95.7c-6.65 6.61-17.39 6.61-24.04 0l-96.42-95.7C73.42 337.29 80.54 320 94.82 320H160v-80c0-8.84 7.16-16 16-16h32c8.84 0 16 7.16 16 16v80h65.18c14.28 0 21.4 17.29 11.27 27.36zM377 105L279.1 7c-4.5-4.5-10.6-7-17-7H256v128h128v-6.1c0-6.3-2.5-12.4-7-16.9z\"><\/path><\/svg>\t\t\t<\/span>\n\t\t\t\t\t\t\t\t\t<span class=\"elementor-button-text\">Brochure Brain Trust<\/span>\n\t\t\t\t\t<\/span>\n\t\t\t\t\t<\/a>\n\t\t\t\t<\/div>\n\t\t\t\t\t\t\t\t<\/div>\n\t\t\t\t<\/div>\n\t\t\t\t<\/div>\n\t\t\t\t<\/div>\n\t\t<div class=\"elementor-element elementor-element-fc4a0a7 e-con-full e-flex e-con e-child\" data-id=\"fc4a0a7\" data-element_type=\"container\">\n\t\t\t\t<div class=\"elementor-element elementor-element-f099a2f elementor-pagination-position-outside elementor-widget elementor-widget-image-carousel\" data-id=\"f099a2f\" data-element_type=\"widget\" data-settings=\"{&quot;slides_to_show&quot;:&quot;1&quot;,&quot;navigation&quot;:&quot;dots&quot;,&quot;autoplay&quot;:&quot;yes&quot;,&quot;pause_on_hover&quot;:&quot;yes&quot;,&quot;pause_on_interaction&quot;:&quot;yes&quot;,&quot;autoplay_speed&quot;:5000,&quot;infinite&quot;:&quot;yes&quot;,&quot;effect&quot;:&quot;slide&quot;,&quot;speed&quot;:500}\" data-widget_type=\"image-carousel.default\">\n\t\t\t\t<div class=\"elementor-widget-container\">\n\t\t\t\t\t\t\t<div class=\"elementor-image-carousel-wrapper swiper\" role=\"region\" aria-roledescription=\"carousel\" aria-label=\"Carrousel d\u2019images\" dir=\"ltr\">\n\t\t\t<div class=\"elementor-image-carousel swiper-wrapper\" aria-live=\"off\">\n\t\t\t\t\t\t\t\t<div class=\"swiper-slide\" role=\"group\" aria-roledescription=\"slide\" aria-label=\"1 sur 3\"><figure class=\"swiper-slide-inner\"><img decoding=\"async\" class=\"swiper-slide-image\" src=\"https:\/\/www.realpix.fr\/lac\/wp-content\/uploads\/2024\/12\/Rectangle-49.png\" alt=\"Rectangle 49\" \/><\/figure><\/div><div class=\"swiper-slide\" role=\"group\" aria-roledescription=\"slide\" aria-label=\"2 sur 3\"><figure class=\"swiper-slide-inner\"><img decoding=\"async\" class=\"swiper-slide-image\" src=\"https:\/\/www.realpix.fr\/lac\/wp-content\/uploads\/2024\/12\/Rectangle-30.png\" alt=\"Rectangle 30\" \/><\/figure><\/div><div class=\"swiper-slide\" role=\"group\" aria-roledescription=\"slide\" aria-label=\"3 sur 3\"><figure class=\"swiper-slide-inner\"><img decoding=\"async\" class=\"swiper-slide-image\" src=\"https:\/\/www.realpix.fr\/lac\/wp-content\/uploads\/2024\/12\/Rectangle-27.png\" alt=\"Rectangle 27\" \/><\/figure><\/div>\t\t\t<\/div>\n\t\t\t\t\t\t\t\n\t\t\t\t\t\t\t\t\t<div class=\"swiper-pagination\"><\/div>\n\t\t\t\t\t\t\t\t\t<\/div>\n\t\t\t\t\t\t<\/div>\n\t\t\t\t<\/div>\n\t\t\t\t<\/div>\n\t\t\t\t\t<\/div>\n\t\t\t\t<\/div>\n\t\t<div class=\"elementor-element elementor-element-26a05db e-flex e-con-boxed elementor-invisible e-con e-parent\" data-id=\"26a05db\" data-element_type=\"container\" data-settings=\"{&quot;background_background&quot;:&quot;classic&quot;,&quot;animation&quot;:&quot;fadeInUp&quot;}\">\n\t\t\t\t\t<div class=\"e-con-inner\">\n\t\t<div class=\"elementor-element elementor-element-fab046a e-con-full e-flex e-con e-child\" data-id=\"fab046a\" data-element_type=\"container\">\n\t\t\t\t<div class=\"elementor-element elementor-element-a9be891 elementor-widget elementor-widget-text-editor\" data-id=\"a9be891\" data-element_type=\"widget\" data-widget_type=\"text-editor.default\">\n\t\t\t\t<div class=\"elementor-widget-container\">\n\t\t\t\t\t\t\t\t\t<p><strong>BrainTrust<\/strong>, votre expert en solutions modulaires en cadres aluminium, est l\u00e0 pour transformer vos id\u00e9es en r\u00e9alit\u00e9 et faire briller votre marque lors de vos prochains \u00e9v\u00e9nements.<\/p><p><strong>Contactez-nous d\u00e8s aujourd\u2019hui<\/strong> pour d\u00e9couvrir comment nous pouvons faire de votre \u00e9v\u00e9nement un moment inoubliable !<\/p>\t\t\t\t\t\t\t\t<\/div>\n\t\t\t\t<\/div>\n\t\t\t\t<div class=\"elementor-element elementor-element-25c7f2f elementor-widget elementor-widget-tp-info-box\" data-id=\"25c7f2f\" data-element_type=\"widget\" data-widget_type=\"tp-info-box.default\">\n\t\t\t\t<div class=\"elementor-widget-container\">\n\t\t\t\t\t<div id=\"info_box69eba5ec32316\" class=\"pt_plus_info_box hover_normal    info_box69eba5ec32316 info-box-style_1      \"  data-id=\"info_box69eba5ec32316\"    dir= data-connection=\"\" data-eventtype=\"\" ><div class=\"post-inner-loop \"><div class=\"info-box-inner content_hover_effect  tp-info-nc\"   ><div class=\"info-box-bg-box   \"><div class=\"service-media text-left  \"><div class=\"m-r-16  service-img-border\"  style=\"border-color: #252525;\"> <div class=\"service-icon-wrap\"><i class=\" fa fa-map-pin service-icon  icon-rounded\"><\/i><\/div> <\/div><div class=\"service-content \"><div class=\"service-title \"> Pour nous rendre visite : <\/div><div class=\"service-border\"> <\/div><div class=\"service-desc\"> <p>43 bis, avenue Pierre Brossolette<br \/>94 170 Le Perreux-sur-Marne <br \/>FRANCE<\/p> <\/div><\/div><\/div><div class=\"infobox-overlay-color \"><\/div><\/div><\/div><\/div><\/div>\t\t\t\t<\/div>\n\t\t\t\t<\/div>\n\t\t\t\t<div class=\"elementor-element elementor-element-9311083 elementor-widget elementor-widget-tp-info-box\" data-id=\"9311083\" data-element_type=\"widget\" data-widget_type=\"tp-info-box.default\">\n\t\t\t\t<div class=\"elementor-widget-container\">\n\t\t\t\t\t<div id=\"info_box69eba5ec3323a\" class=\"pt_plus_info_box hover_normal    info_box69eba5ec3323a info-box-style_1      \"  data-id=\"info_box69eba5ec3323a\"    dir= data-connection=\"\" data-eventtype=\"\" ><div class=\"post-inner-loop \"><div class=\"info-box-inner content_hover_effect  tp-info-nc\"   ><div class=\"info-box-bg-box   \"><div class=\"service-media text-left  \"><div class=\"m-r-16  service-img-border\"  style=\"border-color: #252525;\"> <div class=\"service-icon-wrap\"><i class=\" fa fa-phone service-icon  icon-rounded\"><\/i><\/div> <\/div><div class=\"service-content \"><div class=\"service-title \"> Nous appeler : <\/div><div class=\"service-border\"> <\/div><div class=\"service-desc\"> <p><a href=\"tel:0155092000\" style=\"color: #fff\">01 55 09 20 00<\/a><\/p> <\/div><\/div><\/div><div class=\"infobox-overlay-color \"><\/div><\/div><\/div><\/div><\/div>\t\t\t\t<\/div>\n\t\t\t\t<\/div>\n\t\t\t\t<\/div>\n\t\t<div class=\"elementor-element elementor-element-9ed2523 e-con-full e-flex e-con e-child\" data-id=\"9ed2523\" data-element_type=\"container\">\n\t\t\t\t<div class=\"elementor-element elementor-element-e95e3a9 elementor-invisible elementor-widget elementor-widget-heading\" data-id=\"e95e3a9\" data-element_type=\"widget\" data-settings=\"{&quot;_animation&quot;:&quot;fadeInUp&quot;,&quot;_animation_delay&quot;:150}\" data-widget_type=\"heading.default\">\n\t\t\t\t<div class=\"elementor-widget-container\">\n\t\t\t\t\t<h2 class=\"elementor-heading-title elementor-size-default\">Faites une demande rapide<\/h2>\t\t\t\t<\/div>\n\t\t\t\t<\/div>\n\t\t\t\t<div class=\"elementor-element elementor-element-834088d elementor-widget elementor-widget-tp-contact-form-7\" data-id=\"834088d\" data-element_type=\"widget\" data-widget_type=\"tp-contact-form-7.default\">\n\t\t\t\t<div class=\"elementor-widget-container\">\n\t\t\t\t\t<div class=\"theplus-contact-form style-1 plus-cf7-label  text-left    after \" >\n<div class=\"wpcf7 no-js\" id=\"wpcf7-f6992-p6980-o1\" lang=\"en-US\" dir=\"ltr\" data-wpcf7-id=\"6992\">\n<div class=\"screen-reader-response\"><p role=\"status\" aria-live=\"polite\" aria-atomic=\"true\"><\/p> <ul><\/ul><\/div>\n<form action=\"\/lac\/braintrust\/contact-braintrust\/#wpcf7-f6992-p6980-o1\" method=\"post\" class=\"wpcf7-form init\" aria-label=\"Contact form\" novalidate=\"novalidate\" data-status=\"init\">\n<div style=\"display: none;\">\n<input type=\"hidden\" name=\"_wpcf7\" value=\"6992\" \/>\n<input type=\"hidden\" name=\"_wpcf7_version\" value=\"6.0.6\" \/>\n<input type=\"hidden\" name=\"_wpcf7_locale\" value=\"en_US\" \/>\n<input type=\"hidden\" name=\"_wpcf7_unit_tag\" value=\"wpcf7-f6992-p6980-o1\" \/>\n<input type=\"hidden\" name=\"_wpcf7_container_post\" value=\"6980\" \/>\n<input type=\"hidden\" name=\"_wpcf7_posted_data_hash\" value=\"\" \/>\n<\/div>\n<div class='row'>\n\t<div class='wgl_col-12'>\n\t\t<p><span class=\"wpcf7-form-control-wrap\" data-name=\"text-759\"><input size=\"40\" maxlength=\"400\" class=\"wpcf7-form-control wpcf7-text\" aria-invalid=\"false\" placeholder=\"Votre nom *\" value=\"\" type=\"text\" name=\"text-759\" \/><\/span>\n\t\t<\/p>\n\t<\/div>\n\t<div class='wgl_col-12'>\n\t\t<p><span class=\"wpcf7-form-control-wrap\" data-name=\"text-760\"><input size=\"40\" maxlength=\"400\" class=\"wpcf7-form-control wpcf7-text\" aria-invalid=\"false\" placeholder=\"Soci\u00e9t\u00e9 *\" value=\"\" type=\"text\" name=\"text-760\" \/><\/span>\n\t\t<\/p>\n\t<\/div>\n\t<div class='wgl_col-12'>\n\t\t<p><span class=\"wpcf7-form-control-wrap\" data-name=\"text-761\"><input size=\"40\" maxlength=\"400\" class=\"wpcf7-form-control wpcf7-text\" aria-invalid=\"false\" placeholder=\"N\u00b0 T\u00e9l\u00e9phone\" value=\"\" type=\"text\" name=\"text-761\" \/><\/span>\n\t\t<\/p>\n\t<\/div>\n\t<div class='wgl_col-12'>\n\t\t<p><span class=\"wpcf7-form-control-wrap\" data-name=\"your-email\"><input size=\"40\" maxlength=\"400\" class=\"wpcf7-form-control wpcf7-email wpcf7-validates-as-required wpcf7-text wpcf7-validates-as-email\" aria-required=\"true\" aria-invalid=\"false\" placeholder=\"Email *\" value=\"\" type=\"email\" name=\"your-email\" \/><\/span>\n\t\t<\/p>\n\t<\/div>\n\t<div class='wgl_col-12'>\n\t\t<p><span class=\"wpcf7-form-control-wrap\" data-name=\"textarea-378\"><textarea cols=\"40\" rows=\"10\" maxlength=\"2000\" class=\"wpcf7-form-control wpcf7-textarea wpcf7-validates-as-required\" aria-required=\"true\" aria-invalid=\"false\" placeholder=\"Votre message *\" name=\"textarea-378\"><\/textarea><\/span>\n\t\t<\/p>\n\t<\/div>\n<\/div>\n<p><input class=\"wpcf7-form-control wpcf7-submit has-spinner\" type=\"submit\" value=\"ENVOYER LA DEMANDE\" \/>\n<\/p><div class=\"wpcf7-response-output\" aria-hidden=\"true\"><\/div>\n<\/form>\n<\/div>\n<\/div>\t\t\t\t<\/div>\n\t\t\t\t<\/div>\n\t\t\t\t<\/div>\n\t\t\t\t\t<\/div>\n\t\t\t\t<\/div>\n\t\t<div class=\"elementor-element elementor-element-349a07b e-con-full e-flex e-con e-parent\" data-id=\"349a07b\" data-element_type=\"container\">\n\t\t\t\t<div class=\"elementor-element elementor-element-649b1b6 elementor-widget elementor-widget-google_maps\" data-id=\"649b1b6\" data-element_type=\"widget\" data-widget_type=\"google_maps.default\">\n\t\t\t\t<div class=\"elementor-widget-container\">\n\t\t\t\t\t\t\t<div class=\"elementor-custom-embed\">\n\t\t\t<iframe loading=\"lazy\"\n\t\t\t\t\tsrc=\"https:\/\/maps.google.com\/maps?q=43%20Bis%20Av.%20Pierre%20Brossolette%2C%2094170%20Le%20Perreux-sur-Marne&#038;t=m&#038;z=12&#038;output=embed&#038;iwloc=near\"\n\t\t\t\t\ttitle=\"43 Bis Av. Pierre Brossolette, 94170 Le Perreux-sur-Marne\"\n\t\t\t\t\taria-label=\"43 Bis Av. Pierre Brossolette, 94170 Le Perreux-sur-Marne\"\n\t\t\t><\/iframe>\n\t\t<\/div>\n\t\t\t\t\t\t<\/div>\n\t\t\t\t<\/div>\n\t\t\t\t<\/div>\n\t\t\t\t<\/div>\n\t\t","protected":false},"excerpt":{"rendered":"<p>Contactez-nous Des solutions sur-mesure, cr\u00e9atives et flexibles ! Brochure Brain Trust BrainTrust, votre expert en solutions modulaires en cadres aluminium, est l\u00e0 pour transformer vos id\u00e9es en r\u00e9alit\u00e9 et faire briller votre marque lors de vos prochains \u00e9v\u00e9nements. Contactez-nous d\u00e8s aujourd\u2019hui pour d\u00e9couvrir comment nous pouvons faire de votre \u00e9v\u00e9nement un moment inoubliable ! Pour [&hellip;]<\/p>\n","protected":false},"author":1,"featured_media":0,"parent":5128,"menu_order":0,"comment_status":"closed","ping_status":"closed","template":"elementor_header_footer","meta":{"inline_featured_image":false,"footnotes":""},"class_list":["post-6980","page","type-page","status-publish","hentry"],"yoast_head":"<!-- This site is optimized with the Yoast SEO Premium plugin v22.4 (Yoast SEO v25.2) - https:\/\/yoast.com\/wordpress\/plugins\/seo\/ -->\n<title>Contact - Architecture Communicante<\/title>\n<meta name=\"robots\" content=\"index, follow, max-snippet:-1, max-image-preview:large, max-video-preview:-1\" \/>\n<link rel=\"canonical\" href=\"https:\/\/www.realpix.fr\/lac\/braintrust\/contact-braintrust\/\" \/>\n<meta property=\"og:locale\" content=\"fr_FR\" \/>\n<meta property=\"og:type\" content=\"article\" \/>\n<meta property=\"og:title\" content=\"Contact\" \/>\n<meta property=\"og:description\" content=\"Contactez-nous Des solutions sur-mesure, cr\u00e9atives et flexibles ! Brochure Brain Trust BrainTrust, votre expert en solutions modulaires en cadres aluminium, est l\u00e0 pour transformer vos id\u00e9es en r\u00e9alit\u00e9 et faire briller votre marque lors de vos prochains \u00e9v\u00e9nements. Contactez-nous d\u00e8s aujourd\u2019hui pour d\u00e9couvrir comment nous pouvons faire de votre \u00e9v\u00e9nement un moment inoubliable ! Pour [&hellip;]\" \/>\n<meta property=\"og:url\" content=\"https:\/\/www.realpix.fr\/lac\/braintrust\/contact-braintrust\/\" \/>\n<meta property=\"og:site_name\" content=\"Architecture Communicante\" \/>\n<meta property=\"article:modified_time\" content=\"2025-03-11T18:54:50+00:00\" \/>\n<meta property=\"og:image\" content=\"https:\/\/www.realpix.fr\/lac\/wp-content\/uploads\/2024\/12\/Rectangle-49.png\" \/>\n<meta name=\"twitter:card\" content=\"summary_large_image\" \/>\n<script type=\"application\/ld+json\" class=\"yoast-schema-graph\">{\"@context\":\"https:\/\/schema.org\",\"@graph\":[{\"@type\":\"WebPage\",\"@id\":\"https:\/\/www.realpix.fr\/lac\/braintrust\/contact-braintrust\/\",\"url\":\"https:\/\/www.realpix.fr\/lac\/braintrust\/contact-braintrust\/\",\"name\":\"Contact - Architecture Communicante\",\"isPartOf\":{\"@id\":\"https:\/\/www.realpix.fr\/lac\/#website\"},\"primaryImageOfPage\":{\"@id\":\"https:\/\/www.realpix.fr\/lac\/braintrust\/contact-braintrust\/#primaryimage\"},\"image\":{\"@id\":\"https:\/\/www.realpix.fr\/lac\/braintrust\/contact-braintrust\/#primaryimage\"},\"thumbnailUrl\":\"https:\/\/www.realpix.fr\/lac\/wp-content\/uploads\/2024\/12\/Rectangle-49.png\",\"datePublished\":\"2025-01-09T12:09:04+00:00\",\"dateModified\":\"2025-03-11T18:54:50+00:00\",\"breadcrumb\":{\"@id\":\"https:\/\/www.realpix.fr\/lac\/braintrust\/contact-braintrust\/#breadcrumb\"},\"inLanguage\":\"fr-FR\",\"potentialAction\":[{\"@type\":\"ReadAction\",\"target\":[\"https:\/\/www.realpix.fr\/lac\/braintrust\/contact-braintrust\/\"]}]},{\"@type\":\"ImageObject\",\"inLanguage\":\"fr-FR\",\"@id\":\"https:\/\/www.realpix.fr\/lac\/braintrust\/contact-braintrust\/#primaryimage\",\"url\":\"https:\/\/www.realpix.fr\/lac\/wp-content\/uploads\/2024\/12\/Rectangle-49.png\",\"contentUrl\":\"https:\/\/www.realpix.fr\/lac\/wp-content\/uploads\/2024\/12\/Rectangle-49.png\",\"width\":510,\"height\":398},{\"@type\":\"BreadcrumbList\",\"@id\":\"https:\/\/www.realpix.fr\/lac\/braintrust\/contact-braintrust\/#breadcrumb\",\"itemListElement\":[{\"@type\":\"ListItem\",\"position\":1,\"name\":\"Accueil\",\"item\":\"https:\/\/www.realpix.fr\/lac\/\"},{\"@type\":\"ListItem\",\"position\":2,\"name\":\"Brain Trust\",\"item\":\"https:\/\/www.realpix.fr\/lac\/braintrust\/\"},{\"@type\":\"ListItem\",\"position\":3,\"name\":\"Contact\"}]},{\"@type\":\"WebSite\",\"@id\":\"https:\/\/www.realpix.fr\/lac\/#website\",\"url\":\"https:\/\/www.realpix.fr\/lac\/\",\"name\":\"Architecture Communicante\",\"description\":\"l Art et la Mani\u00e8re\",\"potentialAction\":[{\"@type\":\"SearchAction\",\"target\":{\"@type\":\"EntryPoint\",\"urlTemplate\":\"https:\/\/www.realpix.fr\/lac\/?s={search_term_string}\"},\"query-input\":{\"@type\":\"PropertyValueSpecification\",\"valueRequired\":true,\"valueName\":\"search_term_string\"}}],\"inLanguage\":\"fr-FR\"}]}<\/script>\n<!-- \/ Yoast SEO Premium plugin. -->","yoast_head_json":{"title":"Contact - Architecture Communicante","robots":{"index":"index","follow":"follow","max-snippet":"max-snippet:-1","max-image-preview":"max-image-preview:large","max-video-preview":"max-video-preview:-1"},"canonical":"https:\/\/www.realpix.fr\/lac\/braintrust\/contact-braintrust\/","og_locale":"fr_FR","og_type":"article","og_title":"Contact","og_description":"Contactez-nous Des solutions sur-mesure, cr\u00e9atives et flexibles ! Brochure Brain Trust BrainTrust, votre expert en solutions modulaires en cadres aluminium, est l\u00e0 pour transformer vos id\u00e9es en r\u00e9alit\u00e9 et faire briller votre marque lors de vos prochains \u00e9v\u00e9nements. Contactez-nous d\u00e8s aujourd\u2019hui pour d\u00e9couvrir comment nous pouvons faire de votre \u00e9v\u00e9nement un moment inoubliable ! Pour [&hellip;]","og_url":"https:\/\/www.realpix.fr\/lac\/braintrust\/contact-braintrust\/","og_site_name":"Architecture Communicante","article_modified_time":"2025-03-11T18:54:50+00:00","og_image":[{"url":"https:\/\/www.realpix.fr\/lac\/wp-content\/uploads\/2024\/12\/Rectangle-49.png","type":"","width":"","height":""}],"twitter_card":"summary_large_image","schema":{"@context":"https:\/\/schema.org","@graph":[{"@type":"WebPage","@id":"https:\/\/www.realpix.fr\/lac\/braintrust\/contact-braintrust\/","url":"https:\/\/www.realpix.fr\/lac\/braintrust\/contact-braintrust\/","name":"Contact - Architecture Communicante","isPartOf":{"@id":"https:\/\/www.realpix.fr\/lac\/#website"},"primaryImageOfPage":{"@id":"https:\/\/www.realpix.fr\/lac\/braintrust\/contact-braintrust\/#primaryimage"},"image":{"@id":"https:\/\/www.realpix.fr\/lac\/braintrust\/contact-braintrust\/#primaryimage"},"thumbnailUrl":"https:\/\/www.realpix.fr\/lac\/wp-content\/uploads\/2024\/12\/Rectangle-49.png","datePublished":"2025-01-09T12:09:04+00:00","dateModified":"2025-03-11T18:54:50+00:00","breadcrumb":{"@id":"https:\/\/www.realpix.fr\/lac\/braintrust\/contact-braintrust\/#breadcrumb"},"inLanguage":"fr-FR","potentialAction":[{"@type":"ReadAction","target":["https:\/\/www.realpix.fr\/lac\/braintrust\/contact-braintrust\/"]}]},{"@type":"ImageObject","inLanguage":"fr-FR","@id":"https:\/\/www.realpix.fr\/lac\/braintrust\/contact-braintrust\/#primaryimage","url":"https:\/\/www.realpix.fr\/lac\/wp-content\/uploads\/2024\/12\/Rectangle-49.png","contentUrl":"https:\/\/www.realpix.fr\/lac\/wp-content\/uploads\/2024\/12\/Rectangle-49.png","width":510,"height":398},{"@type":"BreadcrumbList","@id":"https:\/\/www.realpix.fr\/lac\/braintrust\/contact-braintrust\/#breadcrumb","itemListElement":[{"@type":"ListItem","position":1,"name":"Accueil","item":"https:\/\/www.realpix.fr\/lac\/"},{"@type":"ListItem","position":2,"name":"Brain Trust","item":"https:\/\/www.realpix.fr\/lac\/braintrust\/"},{"@type":"ListItem","position":3,"name":"Contact"}]},{"@type":"WebSite","@id":"https:\/\/www.realpix.fr\/lac\/#website","url":"https:\/\/www.realpix.fr\/lac\/","name":"Architecture Communicante","description":"l Art et la Mani\u00e8re","potentialAction":[{"@type":"SearchAction","target":{"@type":"EntryPoint","urlTemplate":"https:\/\/www.realpix.fr\/lac\/?s={search_term_string}"},"query-input":{"@type":"PropertyValueSpecification","valueRequired":true,"valueName":"search_term_string"}}],"inLanguage":"fr-FR"}]}},"_links":{"self":[{"href":"https:\/\/www.realpix.fr\/lac\/wp-json\/wp\/v2\/pages\/6980","targetHints":{"allow":["GET"]}}],"collection":[{"href":"https:\/\/www.realpix.fr\/lac\/wp-json\/wp\/v2\/pages"}],"about":[{"href":"https:\/\/www.realpix.fr\/lac\/wp-json\/wp\/v2\/types\/page"}],"author":[{"embeddable":true,"href":"https:\/\/www.realpix.fr\/lac\/wp-json\/wp\/v2\/users\/1"}],"replies":[{"embeddable":true,"href":"https:\/\/www.realpix.fr\/lac\/wp-json\/wp\/v2\/comments?post=6980"}],"version-history":[{"count":49,"href":"https:\/\/www.realpix.fr\/lac\/wp-json\/wp\/v2\/pages\/6980\/revisions"}],"predecessor-version":[{"id":7940,"href":"https:\/\/www.realpix.fr\/lac\/wp-json\/wp\/v2\/pages\/6980\/revisions\/7940"}],"up":[{"embeddable":true,"href":"https:\/\/www.realpix.fr\/lac\/wp-json\/wp\/v2\/pages\/5128"}],"wp:attachment":[{"href":"https:\/\/www.realpix.fr\/lac\/wp-json\/wp\/v2\/media?parent=6980"}],"curies":[{"name":"wp","href":"https:\/\/api.w.org\/{rel}","templated":true}]}}