{"id":5481,"date":"2024-12-13T11:38:14","date_gmt":"2024-12-13T10:38:14","guid":{"rendered":"https:\/\/www.realpix.fr\/lac\/?page_id=5481"},"modified":"2025-05-12T16:34:31","modified_gmt":"2025-05-12T14:34:31","slug":"expertises","status":"publish","type":"page","link":"https:\/\/www.realpix.fr\/lac\/expertises\/","title":{"rendered":"Expertises"},"content":{"rendered":"\t\t<div data-elementor-type=\"wp-page\" data-elementor-id=\"5481\" class=\"elementor elementor-5481\" data-elementor-post-type=\"page\">\n\t\t\t\t<div class=\"elementor-element elementor-element-9ca5526 e-flex e-con-boxed e-con e-parent\" data-id=\"9ca5526\" data-element_type=\"container\">\n\t\t\t\t\t<div class=\"e-con-inner\">\n\t\t<div class=\"elementor-element elementor-element-0a851ad e-con-full e-flex e-con e-child\" data-id=\"0a851ad\" data-element_type=\"container\">\n\t\t\t\t<div class=\"elementor-element elementor-element-9ea26fe elementor-widget__width-initial elementor-invisible elementor-widget elementor-widget-heading\" data-id=\"9ea26fe\" data-element_type=\"widget\" data-settings=\"{&quot;_animation&quot;:&quot;fadeInUp&quot;}\" data-widget_type=\"heading.default\">\n\t\t\t\t<div class=\"elementor-widget-container\">\n\t\t\t\t\t<h1 class=\"elementor-heading-title elementor-size-default\">Expertises<\/h1>\t\t\t\t<\/div>\n\t\t\t\t<\/div>\n\t\t\t\t<div class=\"elementor-element elementor-element-f6d5089 elementor-invisible elementor-widget elementor-widget-heading\" data-id=\"f6d5089\" data-element_type=\"widget\" data-settings=\"{&quot;_animation&quot;:&quot;fadeInUp&quot;,&quot;_animation_delay&quot;:150}\" data-widget_type=\"heading.default\">\n\t\t\t\t<div class=\"elementor-widget-container\">\n\t\t\t\t\t<h2 class=\"elementor-heading-title elementor-size-default\">Nous concevons et r\u00e9alisons des espaces sur-mesure, qu\u2019ils soient \u00e9ph\u00e9m\u00e8res pour vos \u00e9v\u00e9nements ou durables pour vos locaux, afin de valoriser votre image et maximiser votre impact.<\/h2>\t\t\t\t<\/div>\n\t\t\t\t<\/div>\n\t\t\t\t<div class=\"elementor-element elementor-element-495e754 elementor-invisible elementor-widget elementor-widget-heading\" data-id=\"495e754\" data-element_type=\"widget\" data-settings=\"{&quot;_animation&quot;:&quot;fadeInUp&quot;,&quot;_animation_delay&quot;:150}\" data-widget_type=\"heading.default\">\n\t\t\t\t<div class=\"elementor-widget-container\">\n\t\t\t\t\t<div class=\"elementor-heading-title elementor-size-default\"><strong>Notre force<\/strong>: une cr\u00e9ativit\u00e9 percutante, une ing\u00e9niosit\u00e9 efficace et une flexibilit\u00e9 totale pour des solutions 100 % adapt\u00e9es \u00e0 vos besoins et vos objectifs.<\/div>\t\t\t\t<\/div>\n\t\t\t\t<\/div>\n\t\t\t\t<\/div>\n\t\t<div class=\"elementor-element elementor-element-115d48c e-con-full e-flex elementor-invisible e-con e-child\" data-id=\"115d48c\" data-element_type=\"container\" data-settings=\"{&quot;animation&quot;:&quot;fadeInUp&quot;}\">\n\t\t\t\t<div class=\"elementor-element elementor-element-9d0e44a elementor-invisible elementor-widget elementor-widget-image\" data-id=\"9d0e44a\" data-element_type=\"widget\" data-settings=\"{&quot;_animation&quot;:&quot;fadeInUp&quot;,&quot;_animation_delay&quot;:300}\" data-widget_type=\"image.default\">\n\t\t\t\t<div class=\"elementor-widget-container\">\n\t\t\t\t\t\t\t\t\t\t\t\t\t\t\t<img fetchpriority=\"high\" decoding=\"async\" width=\"590\" height=\"400\" src=\"https:\/\/www.realpix.fr\/lac\/wp-content\/uploads\/2024\/12\/expertises-2.jpg\" class=\"attachment-large size-large wp-image-6650\" alt=\"\" srcset=\"https:\/\/www.realpix.fr\/lac\/wp-content\/uploads\/2024\/12\/expertises-2.jpg 590w, https:\/\/www.realpix.fr\/lac\/wp-content\/uploads\/2024\/12\/expertises-2-300x203.jpg 300w\" sizes=\"(max-width: 590px) 100vw, 590px\" \/>\t\t\t\t\t\t\t\t\t\t\t\t\t\t\t<\/div>\n\t\t\t\t<\/div>\n\t\t\t\t<\/div>\n\t\t\t\t\t<\/div>\n\t\t\t\t<\/div>\n\t\t<div class=\"elementor-element elementor-element-3c67915 e-flex e-con-boxed e-con e-parent\" data-id=\"3c67915\" data-element_type=\"container\" data-settings=\"{&quot;background_background&quot;:&quot;classic&quot;}\">\n\t\t\t\t\t<div class=\"e-con-inner\">\n\t\t<div class=\"elementor-element elementor-element-72e620b e-con-full e-flex e-con e-child\" data-id=\"72e620b\" data-element_type=\"container\">\n\t\t\t\t<div class=\"elementor-element elementor-element-aaa1363 elementor-invisible elementor-widget elementor-widget-heading\" data-id=\"aaa1363\" data-element_type=\"widget\" data-settings=\"{&quot;_animation&quot;:&quot;fadeInUp&quot;,&quot;_animation_delay&quot;:150}\" data-widget_type=\"heading.default\">\n\t\t\t\t<div class=\"elementor-widget-container\">\n\t\t\t\t\t<h2 class=\"elementor-heading-title elementor-size-default\">Notre coeur de m\u00e9tier :<\/h2>\t\t\t\t<\/div>\n\t\t\t\t<\/div>\n\t\t\t\t<div class=\"elementor-element elementor-element-810b38a expertisestitre elementor-invisible elementor-widget elementor-widget-text-editor\" data-id=\"810b38a\" data-element_type=\"widget\" data-settings=\"{&quot;_animation&quot;:&quot;fadeInUp&quot;,&quot;_animation_delay&quot;:300}\" data-widget_type=\"text-editor.default\">\n\t\t\t\t<div class=\"elementor-widget-container\">\n\t\t\t\t\t\t\t\t\t<p><span>cr\u00e9ativit\u00e9<\/span> , <span>ing\u00e9niosit\u00e9<\/span> , et <span>flexibilit\u00e9<\/span> !<\/p>\t\t\t\t\t\t\t\t<\/div>\n\t\t\t\t<\/div>\n\t\t\t\t<div class=\"elementor-element elementor-element-1a1f3c9 elementor-invisible elementor-widget elementor-widget-text-editor\" data-id=\"1a1f3c9\" data-element_type=\"widget\" data-settings=\"{&quot;_animation&quot;:&quot;fadeInUp&quot;,&quot;_animation_delay&quot;:450}\" data-widget_type=\"text-editor.default\">\n\t\t\t\t<div class=\"elementor-widget-container\">\n\t\t\t\t\t\t\t\t\t<p>Tout comme les espaces que nous imaginons, nos prestations sont modulables selon vos besoins.<\/p>\t\t\t\t\t\t\t\t<\/div>\n\t\t\t\t<\/div>\n\t\t\t\t<\/div>\n\t\t\t\t\t<\/div>\n\t\t\t\t<\/div>\n\t\t<div class=\"elementor-element elementor-element-7c60b7f e-con-full e-flex e-con e-parent\" data-id=\"7c60b7f\" data-element_type=\"container\">\n\t\t\t\t<div class=\"elementor-element elementor-element-0c8d40d elementor-widget elementor-widget-timeline-widget-addon\" data-id=\"0c8d40d\" data-element_type=\"widget\" data-widget_type=\"timeline-widget-addon.default\">\n\t\t\t\t<div class=\"elementor-widget-container\">\n\t\t\t\t\t<!-- ========= Timeline Widget Pro For Elementor 2.1.7 ========= --><div id=\"twae-wrapper-0c8d40d\" class=\"twae-vertical twae-wrapper twae-vertical-right style-1 twae-bg-simple\" data-style=\"style-1\" data-enable-popup=\"no\" data-line-filling=\"on\">    <div class=\"twae-start\"><\/div>    <div class=\"twae-line twae-timeline\" ><div id=\"twae-1452345\" class=\"twae-story elementor-repeater-item-1452345 twae-repeater-item twae-story-right twae-story-no-icon\"><div class=\"twae-labels \" data-aos=\"slide-up\"><div class=\"twae-label-big\">Stands sur mesure<\/div><\/div><div class=\"twae-icondot\"><\/div><div class=\"twae-arrow-line\" ><\/div><div class=\"twae-content\"  data-aos=\"slide-up\"><div class=\"twae-media full\"><img decoding=\"async\" width=\"359\" height=\"218\" src=\"https:\/\/www.realpix.fr\/lac\/wp-content\/uploads\/2025\/03\/exp1.jpg\" class=\"attachment-full size-full\" alt=\"\" srcset=\"https:\/\/www.realpix.fr\/lac\/wp-content\/uploads\/2025\/03\/exp1.jpg 359w, https:\/\/www.realpix.fr\/lac\/wp-content\/uploads\/2025\/03\/exp1-300x182.jpg 300w\" sizes=\"(max-width: 359px) 100vw, 359px\" \/><\/div><div class=\"twae-description\"><p><a href=\"https:\/\/www.realpix.fr\/lac\/wp-content\/uploads\/2024\/12\/x1.jpg\"><img decoding=\"async\" class=\"alignnone size-full wp-image-6159\" src=\"https:\/\/www.realpix.fr\/lac\/wp-content\/uploads\/2024\/12\/x1.jpg\" alt=\"\" width=\"113\" height=\"102\" \/><\/a><\/p><p>Attirez les regards, engagez vos prospects et r\u00e9v\u00e9lez votre marque ! L\u2019<strong>Architecture Communicante<\/strong> imagine des<strong> stands uniques<\/strong> et <strong>personnalis\u00e9s<\/strong>, con\u00e7us pour faire de chaque salon un v\u00e9ritable <strong>moteur de visibilit\u00e9<\/strong> et de <strong>succ\u00e8s<\/strong>.<\/p><p><a href=\"https:\/\/www.realpix.fr\/lac\/clients\/stands-sur-mesure\/\" style=\"font-size: 17px;font-weight: 300;border-style: none;padding: 12px 20px 12px 20px\" class=\"wgl_button_link\">Voir les r\u00e9alisations<i class=\"wgl_button-icon fas fa-arrow-right\"><\/i><\/a><\/p><p><span class=\"expertbrain\">D\u00e9couvrez notre offre<br \/>structure ALU \u00abBraintrust\u00bb<\/span><\/p><p><img loading=\"lazy\" decoding=\"async\" class=\"alignnone size-full wp-image-6156\" src=\"https:\/\/www.realpix.fr\/lac\/wp-content\/uploads\/2024\/12\/x0.jpg\" alt=\"\" width=\"197\" height=\"78\" \/><\/p><p><a href=\"https:\/\/www.realpix.fr\/lac\/braintrust\/\" style=\"font-size: 17px;font-weight: 300;border-style: none;padding: 12px 20px 12px 20px;background: #1d1d1b !important\" class=\"wgl_button_link\">D\u00e9couvrez<i class=\"wgl_button-icon fas fa-arrow-right\"><\/i><\/a><\/p><\/div><\/div><\/div><div id=\"twae-784f8b5\" class=\"twae-story elementor-repeater-item-784f8b5 twae-repeater-item twae-story-right twae-story-no-icon\"><div class=\"twae-labels \" data-aos=\"slide-up\"><div class=\"twae-label-big\">Pop-up stores<\/div><\/div><div class=\"twae-icondot\"><\/div><div class=\"twae-arrow-line\" ><\/div><div class=\"twae-content\"  data-aos=\"slide-up\"><div class=\"twae-media full\"><img loading=\"lazy\" decoding=\"async\" width=\"359\" height=\"218\" src=\"https:\/\/www.realpix.fr\/lac\/wp-content\/uploads\/2025\/03\/exp2.jpg\" class=\"attachment-full size-full\" alt=\"\" srcset=\"https:\/\/www.realpix.fr\/lac\/wp-content\/uploads\/2025\/03\/exp2.jpg 359w, https:\/\/www.realpix.fr\/lac\/wp-content\/uploads\/2025\/03\/exp2-300x182.jpg 300w\" sizes=\"(max-width: 359px) 100vw, 359px\" \/><\/div><div class=\"twae-description\"><p><a href=\"https:\/\/www.realpix.fr\/lac\/wp-content\/uploads\/2024\/12\/x2.jpg\"><img loading=\"lazy\" decoding=\"async\" class=\"alignnone size-full wp-image-6161\" src=\"https:\/\/www.realpix.fr\/lac\/wp-content\/uploads\/2024\/12\/x2.jpg\" alt=\"\" width=\"116\" height=\"92\" \/><\/a><\/p><p>Nos <strong>pop-up stores<\/strong> sont id\u00e9aux pour <strong>lancer un produit<\/strong>, <strong>c\u00e9l\u00e9brer un \u00e9v\u00e9nement<\/strong> ou <strong>proposer une offre saisonni\u00e8re<\/strong>. Ces espaces \u00e9ph\u00e9m\u00e8res offrent une exp\u00e9rience immersive et engageante qui <strong>capte l\u2019attention<\/strong>, <strong>g\u00e9n\u00e8re du buzz<\/strong> et <strong>attire de nouveaux prospects<\/strong>.<\/p><p><a href=\"https:\/\/www.realpix.fr\/lac\/clients\/pop-up-stores\/\" style=\"font-size: 17px;font-weight: 300;border-style: none;padding: 12px 20px 12px 20px\" class=\"wgl_button_link\">Voir les r\u00e9alisations<i class=\"wgl_button-icon fas fa-arrow-right\"><\/i><\/a><\/p><\/div><\/div><\/div><div id=\"twae-78b6bbf\" class=\"twae-story elementor-repeater-item-78b6bbf twae-repeater-item twae-story-right twae-story-no-icon\"><div class=\"twae-labels \" data-aos=\"slide-up\"><div class=\"twae-label-big\"> Espaces \u00e9v\u00e9nementiels &amp; VIP<\/div><\/div><div class=\"twae-icondot\"><\/div><div class=\"twae-arrow-line\" ><\/div><div class=\"twae-content\"  data-aos=\"slide-up\"><div class=\"twae-media full\"><img loading=\"lazy\" decoding=\"async\" width=\"359\" height=\"218\" src=\"https:\/\/www.realpix.fr\/lac\/wp-content\/uploads\/2025\/03\/exp3.jpg\" class=\"attachment-full size-full\" alt=\"\" srcset=\"https:\/\/www.realpix.fr\/lac\/wp-content\/uploads\/2025\/03\/exp3.jpg 359w, https:\/\/www.realpix.fr\/lac\/wp-content\/uploads\/2025\/03\/exp3-300x182.jpg 300w\" sizes=\"(max-width: 359px) 100vw, 359px\" \/><\/div><div class=\"twae-description\"><p><a href=\"https:\/\/www.realpix.fr\/lac\/wp-content\/uploads\/2024\/12\/x3.jpg\"><img loading=\"lazy\" decoding=\"async\" class=\"alignnone size-full wp-image-6163\" src=\"https:\/\/www.realpix.fr\/lac\/wp-content\/uploads\/2024\/12\/x3.jpg\" alt=\"\" width=\"61\" height=\"104\" \/><\/a><\/p><p>Lors d\u2019\u00e9v\u00e9nements d'envergure internationale, vos espaces de marque et espaces d'accueil VIP <strong>deviennent de v\u00e9ritables hubs d\u2019\u00e9changes strat\u00e9giques<\/strong>. Con\u00e7us pour s\u00e9duire clients et prospects, ils offrent <strong>un cadre exclusif<\/strong> propice \u00e0 <strong>des interactions m\u00e9morables et engageantes<\/strong>.<\/p><p><a href=\"https:\/\/www.realpix.fr\/lac\/clients\/espaces-evenementiels-vip\/\" style=\"font-size: 17px;font-weight: 300;border-style: none;padding: 12px 20px 12px 20px\" class=\"wgl_button_link\">Voir les r\u00e9alisations<i class=\"wgl_button-icon fas fa-arrow-right\"><\/i><\/a><\/p><\/div><\/div><\/div><div id=\"twae-696df21\" class=\"twae-story elementor-repeater-item-696df21 twae-repeater-item twae-story-right twae-story-no-icon\"><div class=\"twae-labels \" data-aos=\"slide-up\"><div class=\"twae-label-big\">Ev\u00e9nements<\/div><\/div><div class=\"twae-icondot\"><\/div><div class=\"twae-arrow-line\" ><\/div><div class=\"twae-content\"  data-aos=\"slide-up\"><div class=\"twae-media full\"><img loading=\"lazy\" decoding=\"async\" width=\"359\" height=\"218\" src=\"https:\/\/www.realpix.fr\/lac\/wp-content\/uploads\/2025\/03\/exp4.jpg\" class=\"attachment-full size-full\" alt=\"\" srcset=\"https:\/\/www.realpix.fr\/lac\/wp-content\/uploads\/2025\/03\/exp4.jpg 359w, https:\/\/www.realpix.fr\/lac\/wp-content\/uploads\/2025\/03\/exp4-300x182.jpg 300w\" sizes=\"(max-width: 359px) 100vw, 359px\" \/><\/div><div class=\"twae-description\"><p><a href=\"https:\/\/www.realpix.fr\/lac\/wp-content\/uploads\/2024\/12\/x4.jpg\"><img loading=\"lazy\" decoding=\"async\" class=\"alignnone size-full wp-image-6165\" src=\"https:\/\/www.realpix.fr\/lac\/wp-content\/uploads\/2024\/12\/x4.jpg\" alt=\"\" width=\"79\" height=\"107\" \/><\/a><\/p><p>L\u2019Architecture Communicante cr\u00e9e <strong>des solutions sur mesure pour vos s\u00e9minaires<\/strong>, <strong>conventions<\/strong>, <strong>incentives<\/strong>, <strong>\u00e9v\u00e9nements sportifs<\/strong>, <strong>soir\u00e9es exclusives<\/strong>, <strong>inaugurations<\/strong> ou <strong>lancements de produits<\/strong>. Nous vous offrons un service cl\u00e9 en main, incluant la <strong>sc\u00e9narisation<\/strong>, la <strong>d\u00e9coration<\/strong>, la <strong>fourniture<\/strong> et <strong>l\u2019installation du mat\u00e9riel<\/strong>, ainsi que la <strong>gestion op\u00e9rationnelle compl\u00e8te<\/strong> pour garantir le succ\u00e8s de votre \u00e9v\u00e9nement.<\/p><p><a href=\"https:\/\/www.realpix.fr\/lac\/clients\/evenements\/\" style=\"font-size: 17px;font-weight: 300;border-style: none;padding: 12px 20px 12px 20px\" class=\"wgl_button_link\">Voir les r\u00e9alisations<i class=\"wgl_button-icon fas fa-arrow-right\"><\/i><\/a><\/p><\/div><\/div><\/div><div id=\"twae-c1cc169\" class=\"twae-story elementor-repeater-item-c1cc169 twae-repeater-item twae-story-right twae-story-no-icon\"><div class=\"twae-labels \" data-aos=\"slide-up\"><div class=\"twae-label-big\">Agencement d\u2019int\u00e9rieur<\/div><\/div><div class=\"twae-icondot\"><\/div><div class=\"twae-arrow-line\" ><\/div><div class=\"twae-content\"  data-aos=\"slide-up\"><div class=\"twae-media full\"><img loading=\"lazy\" decoding=\"async\" width=\"359\" height=\"218\" src=\"https:\/\/www.realpix.fr\/lac\/wp-content\/uploads\/2025\/03\/exp5.jpg\" class=\"attachment-full size-full\" alt=\"\" srcset=\"https:\/\/www.realpix.fr\/lac\/wp-content\/uploads\/2025\/03\/exp5.jpg 359w, https:\/\/www.realpix.fr\/lac\/wp-content\/uploads\/2025\/03\/exp5-300x182.jpg 300w\" sizes=\"(max-width: 359px) 100vw, 359px\" \/><\/div><div class=\"twae-description\"><p><a href=\"https:\/\/www.realpix.fr\/lac\/wp-content\/uploads\/2024\/12\/x5.jpg\"><img loading=\"lazy\" decoding=\"async\" class=\"alignnone size-full wp-image-6167\" src=\"https:\/\/www.realpix.fr\/lac\/wp-content\/uploads\/2024\/12\/x5.jpg\" alt=\"\" width=\"67\" height=\"108\" \/><\/a><\/p><p>L\u2019am\u00e9nagement d\u2019int\u00e9rieur r\u00e9unit l\u2019ensemble des comp\u00e9tences de L\u2019Architecture Communicante : <strong>architecture<\/strong>, <strong>design<\/strong>, <strong>d\u00e9coration et ergonomie<\/strong>, pour cr\u00e9er des espaces \u00e0 la fois <strong>durables et harmonieux<\/strong>. Notre \u00e9quipe va au-del\u00e0 de votre cahier des charges en apportant <strong>une vision cr\u00e9ative<\/strong> et <strong>une expertise technique<\/strong>, alliant l\u2019esprit du lieu aux exigences fonctionnelles.<\/p><p><a href=\"https:\/\/www.realpix.fr\/lac\/clients\/agencement-dinterieur\/\" style=\"font-size: 17px;font-weight: 300;border-style: none;padding: 12px 20px 12px 20px\" class=\"wgl_button_link\">Voir les r\u00e9alisations<i class=\"wgl_button-icon fas fa-arrow-right\"><\/i><\/a><\/p><\/div><\/div><\/div><div class=\"twae-inner-line\"><\/div><\/div>\r\n<div class=\"twae-end\"><\/div>   \r\n<\/div><style type=\"text\/css\">@media (max-width: 1024px){ .twae-vertical.twae-wrapper{--tw-ybx-size: 80px !important;}}@media (max-width: 767px){ .twae-vertical.twae-wrapper{--tw-ybx-size: 80px !important}}<\/style>\t\t\t\t<\/div>\n\t\t\t\t<\/div>\n\t\t\t\t<\/div>\n\t\t<div class=\"elementor-element elementor-element-7cbec65 e-flex e-con-boxed e-con e-parent\" data-id=\"7cbec65\" data-element_type=\"container\">\n\t\t\t\t\t<div class=\"e-con-inner\">\n\t\t\t\t<div class=\"elementor-element elementor-element-e1cc8d6 elementor-align-center elementor-widget elementor-widget-button\" data-id=\"e1cc8d6\" data-element_type=\"widget\" data-widget_type=\"button.default\">\n\t\t\t\t<div class=\"elementor-widget-container\">\n\t\t\t\t\t\t\t\t\t<div class=\"elementor-button-wrapper\">\n\t\t\t\t\t<a class=\"elementor-button elementor-button-link elementor-size-sm\" href=\"https:\/\/www.realpix.fr\/lac\/clients\/stands-sur-mesure\/\">\n\t\t\t\t\t\t<span class=\"elementor-button-content-wrapper\">\n\t\t\t\t\t\t<span class=\"elementor-button-icon\">\n\t\t\t\t<svg aria-hidden=\"true\" class=\"e-font-icon-svg e-fas-long-arrow-alt-right\" viewBox=\"0 0 448 512\" xmlns=\"http:\/\/www.w3.org\/2000\/svg\"><path d=\"M313.941 216H12c-6.627 0-12 5.373-12 12v56c0 6.627 5.373 12 12 12h301.941v46.059c0 21.382 25.851 32.09 40.971 16.971l86.059-86.059c9.373-9.373 9.373-24.569 0-33.941l-86.059-86.059c-15.119-15.119-40.971-4.411-40.971 16.971V216z\"><\/path><\/svg>\t\t\t<\/span>\n\t\t\t\t\t\t\t\t\t<span class=\"elementor-button-text\">Nos r\u00e9alisations<\/span>\n\t\t\t\t\t<\/span>\n\t\t\t\t\t<\/a>\n\t\t\t\t<\/div>\n\t\t\t\t\t\t\t\t<\/div>\n\t\t\t\t<\/div>\n\t\t\t\t\t<\/div>\n\t\t\t\t<\/div>\n\t\t\t\t<\/div>\n\t\t","protected":false},"excerpt":{"rendered":"<p>Expertises Nous concevons et r\u00e9alisons des espaces sur-mesure, qu\u2019ils soient \u00e9ph\u00e9m\u00e8res pour vos \u00e9v\u00e9nements ou durables pour vos locaux, afin de valoriser votre image et maximiser votre impact. Notre force: une cr\u00e9ativit\u00e9 percutante, une ing\u00e9niosit\u00e9 efficace et une flexibilit\u00e9 totale pour des solutions 100 % adapt\u00e9es \u00e0 vos besoins et vos objectifs. Notre coeur de [&hellip;]<\/p>\n","protected":false},"author":1,"featured_media":0,"parent":0,"menu_order":0,"comment_status":"closed","ping_status":"closed","template":"elementor_header_footer","meta":{"inline_featured_image":false,"footnotes":""},"class_list":["post-5481","page","type-page","status-publish","hentry"],"yoast_head":"<!-- This site is optimized with the Yoast SEO Premium plugin v22.4 (Yoast SEO v25.2) - https:\/\/yoast.com\/wordpress\/plugins\/seo\/ -->\n<title>Expertises - Architecture Communicante<\/title>\n<meta name=\"robots\" content=\"index, follow, max-snippet:-1, max-image-preview:large, max-video-preview:-1\" \/>\n<link rel=\"canonical\" href=\"https:\/\/www.realpix.fr\/lac\/expertise\/?lang=en\" \/>\n<meta property=\"og:locale\" content=\"fr_FR\" \/>\n<meta property=\"og:type\" content=\"article\" \/>\n<meta property=\"og:title\" content=\"Expertises\" \/>\n<meta property=\"og:description\" content=\"Expertises Nous concevons et r\u00e9alisons des espaces sur-mesure, qu\u2019ils soient \u00e9ph\u00e9m\u00e8res pour vos \u00e9v\u00e9nements ou durables pour vos locaux, afin de valoriser votre image et maximiser votre impact. Notre force: une cr\u00e9ativit\u00e9 percutante, une ing\u00e9niosit\u00e9 efficace et une flexibilit\u00e9 totale pour des solutions 100 % adapt\u00e9es \u00e0 vos besoins et vos objectifs. Notre coeur de [&hellip;]\" \/>\n<meta property=\"og:url\" content=\"https:\/\/www.realpix.fr\/lac\/expertise\/?lang=en\" \/>\n<meta property=\"og:site_name\" content=\"Architecture Communicante\" \/>\n<meta property=\"article:modified_time\" content=\"2025-05-12T14:34:31+00:00\" \/>\n<meta property=\"og:image\" content=\"https:\/\/www.realpix.fr\/lac\/wp-content\/uploads\/2024\/12\/expertises-2.jpg\" \/>\n\t<meta property=\"og:image:width\" content=\"590\" \/>\n\t<meta property=\"og:image:height\" content=\"400\" \/>\n\t<meta property=\"og:image:type\" content=\"image\/jpeg\" \/>\n<meta name=\"twitter:card\" content=\"summary_large_image\" \/>\n<meta name=\"twitter:label1\" content=\"Dur\u00e9e de lecture estim\u00e9e\" \/>\n\t<meta name=\"twitter:data1\" content=\"2 minutes\" \/>\n<script type=\"application\/ld+json\" class=\"yoast-schema-graph\">{\"@context\":\"https:\/\/schema.org\",\"@graph\":[{\"@type\":\"WebPage\",\"@id\":\"https:\/\/www.realpix.fr\/lac\/expertise\/?lang=en\",\"url\":\"https:\/\/www.realpix.fr\/lac\/expertise\/?lang=en\",\"name\":\"Expertises - Architecture Communicante\",\"isPartOf\":{\"@id\":\"https:\/\/www.realpix.fr\/lac\/#website\"},\"primaryImageOfPage\":{\"@id\":\"https:\/\/www.realpix.fr\/lac\/expertise\/?lang=en#primaryimage\"},\"image\":{\"@id\":\"https:\/\/www.realpix.fr\/lac\/expertise\/?lang=en#primaryimage\"},\"thumbnailUrl\":\"https:\/\/www.realpix.fr\/lac\/wp-content\/uploads\/2024\/12\/expertises-2.jpg\",\"datePublished\":\"2024-12-13T10:38:14+00:00\",\"dateModified\":\"2025-05-12T14:34:31+00:00\",\"breadcrumb\":{\"@id\":\"https:\/\/www.realpix.fr\/lac\/expertise\/?lang=en#breadcrumb\"},\"inLanguage\":\"fr-FR\",\"potentialAction\":[{\"@type\":\"ReadAction\",\"target\":[\"https:\/\/www.realpix.fr\/lac\/expertise\/?lang=en\"]}]},{\"@type\":\"ImageObject\",\"inLanguage\":\"fr-FR\",\"@id\":\"https:\/\/www.realpix.fr\/lac\/expertise\/?lang=en#primaryimage\",\"url\":\"https:\/\/www.realpix.fr\/lac\/wp-content\/uploads\/2024\/12\/expertises-2.jpg\",\"contentUrl\":\"https:\/\/www.realpix.fr\/lac\/wp-content\/uploads\/2024\/12\/expertises-2.jpg\",\"width\":590,\"height\":400},{\"@type\":\"BreadcrumbList\",\"@id\":\"https:\/\/www.realpix.fr\/lac\/expertise\/?lang=en#breadcrumb\",\"itemListElement\":[{\"@type\":\"ListItem\",\"position\":1,\"name\":\"Accueil\",\"item\":\"https:\/\/www.realpix.fr\/lac\/\"},{\"@type\":\"ListItem\",\"position\":2,\"name\":\"Expertises\"}]},{\"@type\":\"WebSite\",\"@id\":\"https:\/\/www.realpix.fr\/lac\/#website\",\"url\":\"https:\/\/www.realpix.fr\/lac\/\",\"name\":\"Architecture Communicante\",\"description\":\"l Art et la Mani\u00e8re\",\"potentialAction\":[{\"@type\":\"SearchAction\",\"target\":{\"@type\":\"EntryPoint\",\"urlTemplate\":\"https:\/\/www.realpix.fr\/lac\/?s={search_term_string}\"},\"query-input\":{\"@type\":\"PropertyValueSpecification\",\"valueRequired\":true,\"valueName\":\"search_term_string\"}}],\"inLanguage\":\"fr-FR\"}]}<\/script>\n<!-- \/ Yoast SEO Premium plugin. -->","yoast_head_json":{"title":"Expertises - Architecture Communicante","robots":{"index":"index","follow":"follow","max-snippet":"max-snippet:-1","max-image-preview":"max-image-preview:large","max-video-preview":"max-video-preview:-1"},"canonical":"https:\/\/www.realpix.fr\/lac\/expertise\/?lang=en","og_locale":"fr_FR","og_type":"article","og_title":"Expertises","og_description":"Expertises Nous concevons et r\u00e9alisons des espaces sur-mesure, qu\u2019ils soient \u00e9ph\u00e9m\u00e8res pour vos \u00e9v\u00e9nements ou durables pour vos locaux, afin de valoriser votre image et maximiser votre impact. Notre force: une cr\u00e9ativit\u00e9 percutante, une ing\u00e9niosit\u00e9 efficace et une flexibilit\u00e9 totale pour des solutions 100 % adapt\u00e9es \u00e0 vos besoins et vos objectifs. Notre coeur de [&hellip;]","og_url":"https:\/\/www.realpix.fr\/lac\/expertise\/?lang=en","og_site_name":"Architecture Communicante","article_modified_time":"2025-05-12T14:34:31+00:00","og_image":[{"width":590,"height":400,"url":"https:\/\/www.realpix.fr\/lac\/wp-content\/uploads\/2024\/12\/expertises-2.jpg","type":"image\/jpeg"}],"twitter_card":"summary_large_image","twitter_misc":{"Dur\u00e9e de lecture estim\u00e9e":"2 minutes"},"schema":{"@context":"https:\/\/schema.org","@graph":[{"@type":"WebPage","@id":"https:\/\/www.realpix.fr\/lac\/expertise\/?lang=en","url":"https:\/\/www.realpix.fr\/lac\/expertise\/?lang=en","name":"Expertises - Architecture Communicante","isPartOf":{"@id":"https:\/\/www.realpix.fr\/lac\/#website"},"primaryImageOfPage":{"@id":"https:\/\/www.realpix.fr\/lac\/expertise\/?lang=en#primaryimage"},"image":{"@id":"https:\/\/www.realpix.fr\/lac\/expertise\/?lang=en#primaryimage"},"thumbnailUrl":"https:\/\/www.realpix.fr\/lac\/wp-content\/uploads\/2024\/12\/expertises-2.jpg","datePublished":"2024-12-13T10:38:14+00:00","dateModified":"2025-05-12T14:34:31+00:00","breadcrumb":{"@id":"https:\/\/www.realpix.fr\/lac\/expertise\/?lang=en#breadcrumb"},"inLanguage":"fr-FR","potentialAction":[{"@type":"ReadAction","target":["https:\/\/www.realpix.fr\/lac\/expertise\/?lang=en"]}]},{"@type":"ImageObject","inLanguage":"fr-FR","@id":"https:\/\/www.realpix.fr\/lac\/expertise\/?lang=en#primaryimage","url":"https:\/\/www.realpix.fr\/lac\/wp-content\/uploads\/2024\/12\/expertises-2.jpg","contentUrl":"https:\/\/www.realpix.fr\/lac\/wp-content\/uploads\/2024\/12\/expertises-2.jpg","width":590,"height":400},{"@type":"BreadcrumbList","@id":"https:\/\/www.realpix.fr\/lac\/expertise\/?lang=en#breadcrumb","itemListElement":[{"@type":"ListItem","position":1,"name":"Accueil","item":"https:\/\/www.realpix.fr\/lac\/"},{"@type":"ListItem","position":2,"name":"Expertises"}]},{"@type":"WebSite","@id":"https:\/\/www.realpix.fr\/lac\/#website","url":"https:\/\/www.realpix.fr\/lac\/","name":"Architecture Communicante","description":"l Art et la Mani\u00e8re","potentialAction":[{"@type":"SearchAction","target":{"@type":"EntryPoint","urlTemplate":"https:\/\/www.realpix.fr\/lac\/?s={search_term_string}"},"query-input":{"@type":"PropertyValueSpecification","valueRequired":true,"valueName":"search_term_string"}}],"inLanguage":"fr-FR"}]}},"_links":{"self":[{"href":"https:\/\/www.realpix.fr\/lac\/wp-json\/wp\/v2\/pages\/5481","targetHints":{"allow":["GET"]}}],"collection":[{"href":"https:\/\/www.realpix.fr\/lac\/wp-json\/wp\/v2\/pages"}],"about":[{"href":"https:\/\/www.realpix.fr\/lac\/wp-json\/wp\/v2\/types\/page"}],"author":[{"embeddable":true,"href":"https:\/\/www.realpix.fr\/lac\/wp-json\/wp\/v2\/users\/1"}],"replies":[{"embeddable":true,"href":"https:\/\/www.realpix.fr\/lac\/wp-json\/wp\/v2\/comments?post=5481"}],"version-history":[{"count":254,"href":"https:\/\/www.realpix.fr\/lac\/wp-json\/wp\/v2\/pages\/5481\/revisions"}],"predecessor-version":[{"id":8361,"href":"https:\/\/www.realpix.fr\/lac\/wp-json\/wp\/v2\/pages\/5481\/revisions\/8361"}],"wp:attachment":[{"href":"https:\/\/www.realpix.fr\/lac\/wp-json\/wp\/v2\/media?parent=5481"}],"curies":[{"name":"wp","href":"https:\/\/api.w.org\/{rel}","templated":true}]}}