{"id":3184,"date":"2021-05-10T17:55:47","date_gmt":"2021-05-10T15:55:47","guid":{"rendered":"https:\/\/www.realpix.fr\/lac\/?page_id=3184"},"modified":"2025-03-11T19:30:38","modified_gmt":"2025-03-11T18:30:38","slug":"mentions-legales","status":"publish","type":"page","link":"https:\/\/www.realpix.fr\/lac\/mentions-legales\/","title":{"rendered":"Mentions l\u00e9gales"},"content":{"rendered":"<div class=\"wpb-content-wrapper\">[vc_row css=&#8221;.vc_custom_1741717835206{margin-bottom: 90px !important;}&#8221;][vc_column][vc_column_text]<span>URL du site\u00a0: www.architecture-communicante.fr<\/span><\/p>\n<p><span>Contact : info@architecture-communicante.fr<\/span><\/p>\n<p><span>Editeur du site\u00a0:<\/span><\/p>\n<p><span>L\u2019ARCHITECTURE COMMUNICANTE<\/span><\/p>\n<p><span>43 bis avenue Pierre Brossolette 94170 LE PERREUX SUR MARNE<\/span><\/p>\n<p><span>RCS <\/span><span>Creteil B 409\u00a0083\u00a0474<\/span><\/p>\n<p><span>SIRET <\/span><span>409\u00a0083\u00a0474 00026<\/span><\/p>\n<p>&nbsp;<\/p>\n<p>&nbsp;<\/p>\n<p><span>Directeur de publication\u00a0: <\/span><span>VITASSE \/ Thibaut \/ Directeur<\/span><\/p>\n<p><span>H\u00e9bergeur\u00a0: <\/span><span>OVH &#8211; 2 rue kellermann BP 80157 59053 ROUBAIX CEDEX 1 &#8211; France\u00a0<\/span><\/p>\n<p><span>R\u00e9alisation du site\u00a0:\u00a0<\/span><\/p>\n<p><span>Nous Voil\u00e0\u00a0! \u2013 <\/span><a href=\"http:\/\/www.nousvoila.fr\"><span>www.nousvoila.fr<\/span><\/a><\/p>\n<p>7 rue de la Bonodi\u00e8re &#8211; 44115 Haute-Goulaine<\/p>\n<p><a href=\"mailto:bienvenue@nousvoila.fr\"><span>bienvenue@nousvoila.fr<\/span><\/a><\/p>\n<p>&nbsp;<\/p>\n<h2>Acc\u00e8s au site<\/h2>\n<p>&nbsp;<\/p>\n<p><span>En acc\u00e9dant ou en utilisant le site web de <\/span><span>L\u2019ARCHITECTURE COMMUNICANTE<\/span><span>, les visiteurs reconnaissent avoir pris connaissance et accepter les pr\u00e9sentes conditions d&#8217;utilisation. <\/span><span>L\u2019ARCHITECTURE COMMUNICANTE <\/span><span>se r\u00e9serve le droit de les modifier \u00e0 tout moment.<\/span><\/p>\n<p>&nbsp;<\/p>\n<h2>Contenu<\/h2>\n<p>&nbsp;<\/p>\n<p><span>Information \u2013 <\/span><span>L\u2019ARCHITECTURE COMMUNICANTE <\/span><span>met en \u0153uvre tous les moyens dont il dispose, pour assurer une information fiable et une mise \u00e0 jour fiable de son site. Toutefois, des erreurs ou omissions peuvent survenir. Le visiteur devra donc s&#8217;assurer de l&#8217;exactitude des informations aupr\u00e8s de <\/span><span>L\u2019ARCHITECTURE COMMUNICANTE<\/span><span>, et signaler toutes modifications du site qu&#8217;il jugerait utile. <\/span><span>L\u2019ARCHITECTURE COMMUNICANTE <\/span><span>n&#8217;est en aucun cas responsable de l&#8217;utilisation faite de ces informations, et de tout pr\u00e9judice direct ou indirect pouvant en d\u00e9couler.\u00a0En cons\u00e9quence, <\/span><span>L\u2019ARCHITECTURE COMMUNICANTE <\/span><span>d\u00e9cline toute responsabilit\u00e9 :<\/span><\/p>\n<ul>\n<li aria-level=\"1\"><span>pour toute impr\u00e9cision, inexactitude ou omission portant sur des informations disponibles sur le site;<\/span><\/li>\n<li aria-level=\"1\"><span>pour tout dommage r\u00e9sultant d&#8217;une intrusion frauduleuse d&#8217;un tiers, ayant entra\u00een\u00e9 une modification des informations ou \u00e9l\u00e9ments mis \u00e0 la disposition sur le site;<\/span><\/li>\n<li aria-level=\"1\"><span>et plus g\u00e9n\u00e9ralement pour tout dommage, direct ou indirect, quelles qu&#8217;en soient les causes, origines, natures ou cons\u00e9quences, quand bien m\u00eame <\/span><span>L\u2019ARCHITECTURE COMMUNICANTE <\/span><span>en aurait \u00e9t\u00e9 avis\u00e9, provoqu\u00e9 \u00e0 raison de l&#8217;acc\u00e8s de quiconque au site ou de l&#8217;impossibilit\u00e9 d&#8217;y acc\u00e9der, de l&#8217;utilisation du site, incluant toute d\u00e9t\u00e9rioration ou tout virus qui pourrait infecter l\u2019\u00e9quipement informatique du visiteur ou tout autre bien, et\/ou du cr\u00e9dit accord\u00e9 \u00e0 une quelconque information provenant directement ou indirectement du site.<\/span><\/li>\n<\/ul>\n<p><span>Disponibilit\u00e9 \u2013 Le visiteur reconna\u00eet qu&#8217;il est techniquement impossible de fournir le site exempt de tout d\u00e9faut et que des d\u00e9fauts peuvent conduire \u00e0 l&#8217;indisponibilit\u00e9 temporaire du site ou que le fonctionnement du site peut \u00eatre affect\u00e9 par des \u00e9v\u00e9nements et\/ou des \u00e9l\u00e9ments que <\/span><span>L\u2019ARCHITECTURE COMMUNICANTE <\/span><span>ne contr\u00f4le pas. <\/span><span>L\u2019ARCHITECTURE COMMUNICANTE <\/span><span>pourra, \u00e0 tout moment, modifier ou interrompre, temporairement ou de fa\u00e7on permanente, tout ou partie du site pour effectuer des op\u00e9rations de maintenance et\/ou effectuer des am\u00e9liorations et\/ou des modifications sur le site. <\/span><span>L\u2019ARCHITECTURE COMMUNICANTE <\/span><span>n&#8217;est pas responsable de toute modification, suspension ou interruption du site.<\/span><\/p>\n<p>&nbsp;<\/p>\n<h2>Politique de confidentialit\u00e9<\/h2>\n<p><span>La pr\u00e9sente politique de confidentialit\u00e9 applicable au site internet www.architecture-communicante.fr fournit des informations relatives \u00e0 la collecte, au traitement, \u00e0 l\u2019utilisation et \u00e0 la protection des informations et donn\u00e9es personnelles que le candidat communique par l\u2019interm\u00e9diaire du site.<\/span><\/p>\n<p><span>Les donn\u00e9es sont collect\u00e9es par <\/span><span>L\u2019ARCHITECTURE COMMUNICANTE \/ 43 bis avenue Pierre Brossolette 94170 LE PERREUX SUR MARNE \/ <\/span><span>409\u00a0083\u00a0474 00026<\/span><span>, repr\u00e9sent\u00e9e par <\/span><span>M. VITASSE Thibaut<\/span><\/p>\n<p><span>Les informations recueillies font l\u2019objet d\u2019un traitement informatique destin\u00e9 r\u00e9pondre aux questions \u00e9ventuelles des utilisateurs.<\/span><\/p>\n<p><span>La soci\u00e9t\u00e9 <\/span><span>L\u2019ARCHITECTURE COMMUNICANTE <\/span><span>est le seul destinataire des informations recueillies sur ce pr\u00e9sent site.<\/span><span><br \/>\n<\/span><span>CETTE PR\u00c9SENTE POLITIQUE VISE \u00c0 INFORMER LES UTILISATEURS DU TRAITEMENT QUI EST FAIT DE LEURS DONN\u00c9ES AINSI QUE DE LEURS DROITS EN ACCORD AVEC LE R\u00c8GLEMENT G\u00c9N\u00c9RAL SUR LA PROTECTION DES DONN\u00c9ES (RGPD) EUROP\u00c9EN.<\/span><\/p>\n<p><span>\u00a0<\/span><\/p>\n<h2>Donn\u00e9es personnelles collect\u00e9es et utilisation<br \/>\nFormulaires de contact et d\u2019inscription \u00e0 destination des candidats<\/h2>\n<p><span>Lorsque vous utilisez notre formulaire de contact, nous collectons et traitons des donn\u00e9es \u00e0 caract\u00e8re personnel vous concernant :<\/span><span><br \/>\n<\/span><span>Les donn\u00e9es permettant de vous contacter : pr\u00e9nom, nom, adresse postale, adresse \u00e9lectronique, coordonn\u00e9es t\u00e9l\u00e9phoniques.<\/span><span><br \/>\n<\/span><span>Nous collectons ces donn\u00e9es uniquement pour le besoin des services propos\u00e9s par le site www.architecture-communicante.fr<\/span><\/p>\n<p><span>Vous fournissez ces informations en toute connaissance de cause afin de demander des informations ou d\u00e9poser votre candidature.<\/span><\/p>\n<p><b>Autres donn\u00e9es recueillies et trait\u00e9es<\/b><\/p>\n<p><span>Le site peut \u00e9galement \u00eatre amen\u00e9e \u00e0 recueillir et traiter d\u2019autres donn\u00e9es telles que :<\/span><\/p>\n<ul>\n<li aria-level=\"1\"><span>les informations relatives \u00e0 l\u2019appareil utilis\u00e9 par l\u2019internaute pour se connecter au site ainsi qu\u2019aux param\u00e8tres de cet appareil ;<\/span><\/li>\n<li aria-level=\"1\"><span>les informations relatives \u00e0 l\u2019utilisation du site (ex : donn\u00e9es relatives \u00e0 la pr\u00e9sence en ligne)<\/span><\/li>\n<\/ul>\n<p><span>Ces donn\u00e9es ont pour finalit\u00e9 de r\u00e9aliser des statistiques (anonymes) et de retravailler notre site afin d\u2019en am\u00e9liorer les contenus, la pertinence, et la navigation en fonction de notre audience et de notre public cible et de nos visiteurs.<\/span><\/p>\n<p><span>En aucun cas les donn\u00e9es personnelles que nous poss\u00e9dons vous concernant ne sont vendues, transmises ou \u00e9chang\u00e9es, \u00e0 quelconque personne ou entit\u00e9, \u00e0 des fins commerciales et\/ou de marketing.<\/span><\/p>\n<p><span>Les donn\u00e9es personnelles des candidats en notre possession sont conserv\u00e9es pendant une dur\u00e9e de 2 ans apr\u00e8s le dernier contact.<\/span><\/p>\n<p>&nbsp;<\/p>\n<h2>Les droits que vous avez sur vos donn\u00e9es<\/h2>\n<p><span>Les candidats ayant fourni des donn\u00e9es au service peuvent s\u2019adresser au support (info@realpix.fr\/lac) pour faire valoir leurs droits :<\/span><\/p>\n<ul>\n<li aria-level=\"1\"><span>Droit d\u2019acc\u00e8s : L\u2019utilisateur peut acc\u00e9der \u00e0 tout moment aux donn\u00e9es \u00e0 caract\u00e8re personnel le concernant<\/span><\/li>\n<li aria-level=\"1\"><span>Droit de rectification : L\u2019utilisateur peut demander \u00e0 modifier une information erron\u00e9e ou incompl\u00e8te.<\/span><\/li>\n<li aria-level=\"1\"><span>Droit \u00e0 l\u2019effacement : L\u2019utilisateur peut demander \u00e0 supprimer l\u2019int\u00e9gralit\u00e9 de ses informations personnelles.<\/span><\/li>\n<li aria-level=\"1\"><span>Droit d\u2019opposition : L\u2019utilisateur peut s\u2019opposer dans certains cas \u00e0 ce que ses donn\u00e9es soient utilis\u00e9es pour un objectif pr\u00e9cis.<\/span><\/li>\n<li aria-level=\"1\"><span>Droits \u00e0 la portabilit\u00e9 : L\u2019utilisateur a le droit de r\u00e9cup\u00e9rer ses donn\u00e9es pour son propre usage ou les fournir \u00e0 un tiers.<\/span><\/li>\n<li aria-level=\"1\"><span>Droit \u00e0 la limitation du traitement : l\u2019utilisateur a le droit de demander \u00e0 ce que le traitement de ses donn\u00e9es soit bloqu\u00e9 pendant un certain temps.<\/span><\/li>\n<\/ul>\n<p>&nbsp;<\/p>\n<p><span>En cas de demande d\u2019exercice d\u2019un de ces droits,\u00a0<\/span><span>L\u2019ARCHITECTURE COMMUNICANTE <\/span><span>s\u2019engage \u00e0 r\u00e9pondre dans un d\u00e9lai maximum de trente (30) jours.<\/span><\/p>\n<p><span>Dans le cas d\u2019un litige ou d\u2019une interrogation vis-\u00e0-vis d\u2019un traitement de donn\u00e9es personnelles, l\u2019utilisateur peut s\u2019adresser au responsable de la gestion des donn\u00e9es personnelles joignable \u00e0 l\u2019adresse email suivante : info@architecture-communicante.fr ou \u00e0 la CNIL.<\/span><\/p>\n<p>&nbsp;<\/p>\n<h2>Sous-traitants<\/h2>\n<p><span>Le traitement des donn\u00e9es personnelles par le responsable de traitement n\u00e9cessite l\u2019intervention de sous-traitants.<\/span><span><br \/>\n<\/span><span>Les donn\u00e9es \u00e0 caract\u00e8re personnel ne font l\u2019objet d\u2019op\u00e9rations de traitement par les sous-traitants que sur instruction du responsable de traitement.<\/span><span><br \/>\n<\/span><span>Les sous-traitants auxquels les donn\u00e9es \u00e0 caract\u00e8re personnel sont transmises sont les suivants :<\/span><\/p>\n<p>&nbsp;<\/p>\n<h2><b>H\u00e9bergement des donn\u00e9es<\/b><\/h2>\n<p>&nbsp;<\/p>\n<p><span>H\u00e9bergeur\u00a0: <\/span><span>OVH &#8211; 2 rue kellermann BP 80157 59053 ROUBAIX CEDEX 1 &#8211; France<br \/>\n<\/span><\/p>\n<h2><b>Comment nous prot\u00e9geons vos donn\u00e9es<\/b><\/h2>\n<p>&nbsp;<\/p>\n<p><span>Le responsable de traitement fait ses meilleurs efforts, conform\u00e9ment aux r\u00e8gles de l\u2019art, pour s\u00e9curiser l\u2019acc\u00e8s aux donn\u00e9es personnelles eu \u00e9gard \u00e0 la complexit\u00e9 de l\u2019internet. Le candidat reconna\u00eet qu\u2019en raison des caract\u00e9ristiques et des contraintes du r\u00e9seau internet, ses donn\u00e9es \u00e0 caract\u00e8re personnel ne peuvent pas \u00eatre prot\u00e9g\u00e9es contre toute forme d\u2019intrusion, y compris par voie de piratage.<\/span><span><br \/>\n<\/span><span>Le site utilise le chiffrement HTTPS.<\/span><\/p>\n<p>&nbsp;<\/p>\n<h2>Proc\u00e9dures mises en \u0153uvre en cas de fuite de donn\u00e9es<b><\/b><\/h2>\n<p>&nbsp;<\/p>\n<p><span>Conform\u00e9ment \u00e0 la proc\u00e9dure pr\u00e9vue par le r\u00e8glement g\u00e9n\u00e9ral sur la protection des donn\u00e9es en cas de fuite ou d\u2019anomalie concernant les donn\u00e9es personnelles en notre possession, nous informerons les autorit\u00e9s comp\u00e9tentes (CNIL), et vous avertirons de la nature des donn\u00e9es ayant fuit\u00e9es et la nature du risque qui peut \u00eatre engendr\u00e9 si cela peut entamer vos droits et libert\u00e9s dans un d\u00e9lai maximal de 72 heures apr\u00e8s constat du probl\u00e8me.<\/span><\/p>\n<p>&nbsp;<\/p>\n<h2>Informations de contact<b><\/b><\/h2>\n<p>&nbsp;<\/p>\n<p><span>Pour toute information ou exercice de vos droits Informatique et Libert\u00e9s sur les traitements de donn\u00e9es personnelles g\u00e9r\u00e9s par <\/span><span>L\u2019ARCHITECTURE COMMUNICANTE<\/span><span>, vous pouvez contacter le responsable de traitement\u00a0:<\/span><\/p>\n<ul>\n<li aria-level=\"1\"><span>par email : info@architecture-communicante.fr<\/span><\/li>\n<li aria-level=\"1\"><span>par courrier sign\u00e9 accompagn\u00e9 de la copie d\u2019un titre d\u2019identit\u00e9 \u00e0 l\u2019adresse suivante :<\/span><\/li>\n<\/ul>\n<p><span>L\u2019ARCHITECTURE COMMUNICANTE<\/span><\/p>\n<p><span>43 bis avenue Pierre Brossolette 94170 LE PERREUX SUR MARNE<\/span><\/p>\n<p>&nbsp;<\/p>\n<h2>Propri\u00e9t\u00e9 intellectuelle<\/h2>\n<p>&nbsp;<\/p>\n<p><span>Tout le contenu du pr\u00e9sent site www.architecture-communicante.fr, de fa\u00e7on non limitative, les graphismes, images, photos, textes, vid\u00e9os, animations, sons, logos, gifs et ic\u00f4nes ainsi que leur mise en forme sont la propri\u00e9t\u00e9 exclusive de <\/span><span>L\u2019ARCHITECTURE COMMUNICANTE<\/span><span>, sous r\u00e9serve des droits de tiers.<\/span><\/p>\n<p><span>Toute reproduction, distribution, modification, adaptation, retransmission ou publication, m\u00eame partielle, de ces diff\u00e9rents \u00e9l\u00e9ments est strictement interdite sans l\u2019accord expr\u00e8s et \u00e9crit de <\/span><span>L\u2019ARCHITECTURE COMMUNICANTE<\/span><span>. Le non-respect de cette interdiction constitue une contrefa\u00e7on pouvant engager la responsabilit\u00e9 civile et p\u00e9nale du contrefacteur. D\u00e9veloppement du site : <a href=\"http:\/\/www.nousvoila.fr\/\" target=\"_blank\" rel=\"noopener\" style=\"color: #000 !important;\">Nous Voil\u00e0 !<\/a>.<br \/>\n<\/span><\/p>\n<p>&nbsp;<\/p>\n<h2><b>Cr\u00e9dits\u00a0photos:<\/b><\/h2>\n<p><span><br \/>\niStock<br \/>\n<\/span><span>Shutterstock<\/span>[\/vc_column_text][\/vc_column][\/vc_row]\n<\/div>","protected":false},"excerpt":{"rendered":"<p>[vc_row css=&#8221;.vc_custom_1741717835206{margin-bottom: 90px !important;}&#8221;][vc_column][vc_column_text]URL du site\u00a0: www.architecture-communicante.fr Contact : info@architecture-communicante.fr Editeur du site\u00a0: L\u2019ARCHITECTURE COMMUNICANTE 43 bis avenue Pierre Brossolette 94170 LE PERREUX SUR MARNE RCS Creteil B 409\u00a0083\u00a0474 SIRET 409\u00a0083\u00a0474 00026 &nbsp; &nbsp; Directeur de publication\u00a0: VITASSE \/ Thibaut \/ Directeur H\u00e9bergeur\u00a0: OVH &#8211; 2 rue kellermann BP 80157 59053 ROUBAIX CEDEX 1 &#8211; [&hellip;]<\/p>\n","protected":false},"author":1,"featured_media":0,"parent":0,"menu_order":0,"comment_status":"closed","ping_status":"closed","template":"","meta":{"inline_featured_image":false,"footnotes":""},"class_list":["post-3184","page","type-page","status-publish","hentry"],"yoast_head":"<!-- This site is optimized with the Yoast SEO Premium plugin v22.4 (Yoast SEO v25.2) - https:\/\/yoast.com\/wordpress\/plugins\/seo\/ -->\n<title>Mentions l\u00e9gales - Architecture Communicante<\/title>\n<meta name=\"robots\" content=\"index, follow, max-snippet:-1, max-image-preview:large, max-video-preview:-1\" \/>\n<link rel=\"canonical\" href=\"https:\/\/www.realpix.fr\/lac\/mentions-legales\/\" \/>\n<meta property=\"og:locale\" content=\"fr_FR\" \/>\n<meta property=\"og:type\" content=\"article\" \/>\n<meta property=\"og:title\" content=\"Mentions l\u00e9gales\" \/>\n<meta property=\"og:description\" content=\"[vc_row css=&#8221;.vc_custom_1741717835206{margin-bottom: 90px !important;}&#8221;][vc_column][vc_column_text]URL du site\u00a0: www.architecture-communicante.fr Contact : info@architecture-communicante.fr Editeur du site\u00a0: L\u2019ARCHITECTURE COMMUNICANTE 43 bis avenue Pierre Brossolette 94170 LE PERREUX SUR MARNE RCS Creteil B 409\u00a0083\u00a0474 SIRET 409\u00a0083\u00a0474 00026 &nbsp; &nbsp; Directeur de publication\u00a0: VITASSE \/ Thibaut \/ Directeur H\u00e9bergeur\u00a0: OVH &#8211; 2 rue kellermann BP 80157 59053 ROUBAIX CEDEX 1 &#8211; [&hellip;]\" \/>\n<meta property=\"og:url\" content=\"https:\/\/www.realpix.fr\/lac\/mentions-legales\/\" \/>\n<meta property=\"og:site_name\" content=\"Architecture Communicante\" \/>\n<meta property=\"article:modified_time\" content=\"2025-03-11T18:30:38+00:00\" \/>\n<meta name=\"twitter:card\" content=\"summary_large_image\" \/>\n<meta name=\"twitter:label1\" content=\"Dur\u00e9e de lecture estim\u00e9e\" \/>\n\t<meta name=\"twitter:data1\" content=\"8 minutes\" \/>\n<script type=\"application\/ld+json\" class=\"yoast-schema-graph\">{\"@context\":\"https:\/\/schema.org\",\"@graph\":[{\"@type\":\"WebPage\",\"@id\":\"https:\/\/www.realpix.fr\/lac\/mentions-legales\/\",\"url\":\"https:\/\/www.realpix.fr\/lac\/mentions-legales\/\",\"name\":\"Mentions l\u00e9gales - Architecture Communicante\",\"isPartOf\":{\"@id\":\"https:\/\/www.realpix.fr\/lac\/#website\"},\"datePublished\":\"2021-05-10T15:55:47+00:00\",\"dateModified\":\"2025-03-11T18:30:38+00:00\",\"breadcrumb\":{\"@id\":\"https:\/\/www.realpix.fr\/lac\/mentions-legales\/#breadcrumb\"},\"inLanguage\":\"fr-FR\",\"potentialAction\":[{\"@type\":\"ReadAction\",\"target\":[\"https:\/\/www.realpix.fr\/lac\/mentions-legales\/\"]}]},{\"@type\":\"BreadcrumbList\",\"@id\":\"https:\/\/www.realpix.fr\/lac\/mentions-legales\/#breadcrumb\",\"itemListElement\":[{\"@type\":\"ListItem\",\"position\":1,\"name\":\"Accueil\",\"item\":\"https:\/\/www.realpix.fr\/lac\/\"},{\"@type\":\"ListItem\",\"position\":2,\"name\":\"Mentions l\u00e9gales\"}]},{\"@type\":\"WebSite\",\"@id\":\"https:\/\/www.realpix.fr\/lac\/#website\",\"url\":\"https:\/\/www.realpix.fr\/lac\/\",\"name\":\"Architecture Communicante\",\"description\":\"l Art et la Mani\u00e8re\",\"potentialAction\":[{\"@type\":\"SearchAction\",\"target\":{\"@type\":\"EntryPoint\",\"urlTemplate\":\"https:\/\/www.realpix.fr\/lac\/?s={search_term_string}\"},\"query-input\":{\"@type\":\"PropertyValueSpecification\",\"valueRequired\":true,\"valueName\":\"search_term_string\"}}],\"inLanguage\":\"fr-FR\"}]}<\/script>\n<!-- \/ Yoast SEO Premium plugin. -->","yoast_head_json":{"title":"Mentions l\u00e9gales - Architecture Communicante","robots":{"index":"index","follow":"follow","max-snippet":"max-snippet:-1","max-image-preview":"max-image-preview:large","max-video-preview":"max-video-preview:-1"},"canonical":"https:\/\/www.realpix.fr\/lac\/mentions-legales\/","og_locale":"fr_FR","og_type":"article","og_title":"Mentions l\u00e9gales","og_description":"[vc_row css=&#8221;.vc_custom_1741717835206{margin-bottom: 90px !important;}&#8221;][vc_column][vc_column_text]URL du site\u00a0: www.architecture-communicante.fr Contact : info@architecture-communicante.fr Editeur du site\u00a0: L\u2019ARCHITECTURE COMMUNICANTE 43 bis avenue Pierre Brossolette 94170 LE PERREUX SUR MARNE RCS Creteil B 409\u00a0083\u00a0474 SIRET 409\u00a0083\u00a0474 00026 &nbsp; &nbsp; Directeur de publication\u00a0: VITASSE \/ Thibaut \/ Directeur H\u00e9bergeur\u00a0: OVH &#8211; 2 rue kellermann BP 80157 59053 ROUBAIX CEDEX 1 &#8211; [&hellip;]","og_url":"https:\/\/www.realpix.fr\/lac\/mentions-legales\/","og_site_name":"Architecture Communicante","article_modified_time":"2025-03-11T18:30:38+00:00","twitter_card":"summary_large_image","twitter_misc":{"Dur\u00e9e de lecture estim\u00e9e":"8 minutes"},"schema":{"@context":"https:\/\/schema.org","@graph":[{"@type":"WebPage","@id":"https:\/\/www.realpix.fr\/lac\/mentions-legales\/","url":"https:\/\/www.realpix.fr\/lac\/mentions-legales\/","name":"Mentions l\u00e9gales - Architecture Communicante","isPartOf":{"@id":"https:\/\/www.realpix.fr\/lac\/#website"},"datePublished":"2021-05-10T15:55:47+00:00","dateModified":"2025-03-11T18:30:38+00:00","breadcrumb":{"@id":"https:\/\/www.realpix.fr\/lac\/mentions-legales\/#breadcrumb"},"inLanguage":"fr-FR","potentialAction":[{"@type":"ReadAction","target":["https:\/\/www.realpix.fr\/lac\/mentions-legales\/"]}]},{"@type":"BreadcrumbList","@id":"https:\/\/www.realpix.fr\/lac\/mentions-legales\/#breadcrumb","itemListElement":[{"@type":"ListItem","position":1,"name":"Accueil","item":"https:\/\/www.realpix.fr\/lac\/"},{"@type":"ListItem","position":2,"name":"Mentions l\u00e9gales"}]},{"@type":"WebSite","@id":"https:\/\/www.realpix.fr\/lac\/#website","url":"https:\/\/www.realpix.fr\/lac\/","name":"Architecture Communicante","description":"l Art et la Mani\u00e8re","potentialAction":[{"@type":"SearchAction","target":{"@type":"EntryPoint","urlTemplate":"https:\/\/www.realpix.fr\/lac\/?s={search_term_string}"},"query-input":{"@type":"PropertyValueSpecification","valueRequired":true,"valueName":"search_term_string"}}],"inLanguage":"fr-FR"}]}},"_links":{"self":[{"href":"https:\/\/www.realpix.fr\/lac\/wp-json\/wp\/v2\/pages\/3184","targetHints":{"allow":["GET"]}}],"collection":[{"href":"https:\/\/www.realpix.fr\/lac\/wp-json\/wp\/v2\/pages"}],"about":[{"href":"https:\/\/www.realpix.fr\/lac\/wp-json\/wp\/v2\/types\/page"}],"author":[{"embeddable":true,"href":"https:\/\/www.realpix.fr\/lac\/wp-json\/wp\/v2\/users\/1"}],"replies":[{"embeddable":true,"href":"https:\/\/www.realpix.fr\/lac\/wp-json\/wp\/v2\/comments?post=3184"}],"version-history":[{"count":4,"href":"https:\/\/www.realpix.fr\/lac\/wp-json\/wp\/v2\/pages\/3184\/revisions"}],"predecessor-version":[{"id":7929,"href":"https:\/\/www.realpix.fr\/lac\/wp-json\/wp\/v2\/pages\/3184\/revisions\/7929"}],"wp:attachment":[{"href":"https:\/\/www.realpix.fr\/lac\/wp-json\/wp\/v2\/media?parent=3184"}],"curies":[{"name":"wp","href":"https:\/\/api.w.org\/{rel}","templated":true}]}}